{"id":1393,"date":"2016-01-07T19:01:31","date_gmt":"2016-01-07T19:01:31","guid":{"rendered":"http:\/\/www.sudersand.se\/de\/kontakt\/"},"modified":"2024-09-27T08:35:03","modified_gmt":"2024-09-27T06:35:03","slug":"kontakt","status":"publish","type":"page","link":"https:\/\/www.sudersand.se\/de\/kontakt\/","title":{"rendered":"Kontakt"},"content":{"rendered":"\n<style type=\"text\/css\" data-created_by=\"avia_inline_auto\" id=\"style-css-av-1qijz-72936e8d4800de59c65039697043bd56\">\n.avia-section.av-1qijz-72936e8d4800de59c65039697043bd56{\nbackground-repeat:no-repeat;\nbackground-image:url(https:\/\/www.sudersand.se\/wp-content\/uploads\/2018\/03\/Google_iphone_400x250.jpg);\nbackground-position:50% 100%;\nbackground-attachment:scroll;\n}\n<\/style>\n<div id='av_section_1'  class='avia-section av-1qijz-72936e8d4800de59c65039697043bd56 main_color avia-section-no-padding avia-no-border-styling  avia-builder-el-0  el_before_av_section  avia-builder-el-first  av-desktop-hide av-medium-hide av-small-hide avia-bg-style-scroll av-minimum-height av-minimum-height-custom av-height-custom  container_wrap sidebar_right'  data-section-bg-repeat='no-repeat' data-av_minimum_height_px='200'><div class='container av-section-cont-open' style='height:200px'><main  role=\"main\" itemprop=\"mainContentOfPage\"  class='template-page content  av-content-small alpha units'><div class='post-entry post-entry-type-page post-entry-1393'><div class='entry-content-wrapper clearfix'>\n<\/div><\/div><\/main><!-- close content main element --><\/div><\/div>\n<style type=\"text\/css\" data-created_by=\"avia_inline_auto\" id=\"style-css-av-jnk28go8-cd51b63242c68df99947461248409d11\">\n.avia-section.av-jnk28go8-cd51b63242c68df99947461248409d11{\nbackground-color:#2b3a42;\nbackground-image:unset;\n}\n.avia-section.av-jnk28go8-cd51b63242c68df99947461248409d11 .av-extra-border-element .av-extra-border-inner{\nbackground-color:#2b3a42;\n}\n<\/style>\n<div id='av_section_2'  class='avia-section av-jnk28go8-cd51b63242c68df99947461248409d11 main_color avia-section-default avia-no-border-styling  avia-builder-el-1  el_after_av_section  el_before_av_one_half  avia-bg-style-scroll av-arrow-down-section av-minimum-height av-minimum-height-custom av-height-custom  container_wrap sidebar_right'   data-av_minimum_height_px='200'><div class='container av-section-cont-open' style='height:200px'><div class='template-page content  av-content-small alpha units'><div class='post-entry post-entry-type-page post-entry-1393'><div class='entry-content-wrapper clearfix'>\n\n<style type=\"text\/css\" data-created_by=\"avia_inline_auto\" id=\"style-css-av-jwt04vy8-a0e16a395fb26c5998dcc4ce2fc73dc6\">\n#top .av-special-heading.av-jwt04vy8-a0e16a395fb26c5998dcc4ce2fc73dc6{\npadding-bottom:15px;\ncolor:#ffffff;\n}\nbody .av-special-heading.av-jwt04vy8-a0e16a395fb26c5998dcc4ce2fc73dc6 .av-special-heading-tag .heading-char{\nfont-size:25px;\n}\n.av-special-heading.av-jwt04vy8-a0e16a395fb26c5998dcc4ce2fc73dc6 .special-heading-inner-border{\nborder-color:#ffffff;\n}\n.av-special-heading.av-jwt04vy8-a0e16a395fb26c5998dcc4ce2fc73dc6 .av-subheading{\nfont-size:14px;\n}\n<\/style>\n<div  class='av-special-heading av-jwt04vy8-a0e16a395fb26c5998dcc4ce2fc73dc6 av-special-heading-h2 custom-color-heading blockquote modern-quote modern-centered  avia-builder-el-2  el_before_av_buttonrow  avia-builder-el-first  textskugga av-linked-heading'><h2 class='av-special-heading-tag '  itemprop=\"headline\"  >Kontaktieren Sie uns<\/h2><div class='av_custom_color av-subheading av-subheading_below'><p>zun\u00e4chst \u00fcber das Formular. Sie k\u00f6nnen auch eine E-Mail senden, info(a)sudersand.se, oder anrufen: +46498-223536.<\/p>\n<p>Daher empfehlen wir Ihnen, unsere Verf\u00fcgbarkeiten bei der <a href=\"https:\/\/bokning4.paxess.se\/sudersand\/\">Onlinebuchung<\/a> zu \u00fcberpr\u00fcfen, bevor Sie uns bez\u00fcglich Reservierungen kontaktieren.<\/p>\n<\/div><div class=\"special-heading-border\"><div class=\"special-heading-inner-border\"><\/div><\/div><\/div>\n<div  class='avia-buttonrow-wrap av-jrs4ip4c-1750ed0ff6118355b6559fe8b3968d68 avia-buttonrow-center  avia-builder-el-3  el_after_av_heading  avia-builder-el-last '>\n\n<style type=\"text\/css\" data-created_by=\"avia_inline_auto\" id=\"style-css-av-4o475t-5fe3d13c1613a32f025046bf028e4e39\">\n#top #wrap_all .avia-button.av-4o475t-5fe3d13c1613a32f025046bf028e4e39{\nmargin-bottom:2px;\nmargin-right:1px;\nmargin-left:1px;\n}\n<\/style>\n<a href='https:\/\/bokning4.paxess.se\/sudersand\/'  class='avia-button av-4o475t-5fe3d13c1613a32f025046bf028e4e39 avia-icon_select-no avia-size-small avia-color-theme-color'  target=\"_blank\"  rel=\"noopener noreferrer\"  aria-label=\"ONLINEBUCHUNG\"><span class='avia_iconbox_title' >ONLINEBUCHUNG<\/span><\/a>\n\n<style type=\"text\/css\" data-created_by=\"avia_inline_auto\" id=\"style-css-av-8zgld-194ad928a692c73d03f58998b2cf8973\">\n#top #wrap_all .avia-button.av-8zgld-194ad928a692c73d03f58998b2cf8973{\nbackground-color:#ffffff;\nborder-color:#ffffff;\ncolor:#2b3a42;\ntransition:all 0.4s ease-in-out;\nmargin-bottom:2px;\nmargin-right:1px;\nmargin-left:1px;\n}\n#top #wrap_all .avia-button.av-8zgld-194ad928a692c73d03f58998b2cf8973 .avia-svg-icon svg:first-child{\nfill:#2b3a42;\nstroke:#2b3a42;\n}\n<\/style>\n<a href='https:\/\/www.sudersand.se\/de\/informationen-zu-den-unterkuenften\/'  class='avia-button av-8zgld-194ad928a692c73d03f58998b2cf8973 avia-icon_select-no avia-size-small'   aria-label=\"Informationen\"><span class='avia_iconbox_title' >Informationen<\/span><\/a>\n<\/div>\n<\/div><\/div><\/div><!-- close content main div --><\/div><div class='av-extra-border-element border-extra-arrow-down'><div class='av-extra-border-outer'><div class='av-extra-border-inner'><\/div><\/div><\/div><\/div><div id='after_section_2'  class='main_color av_default_container_wrap container_wrap sidebar_right'  ><div class='container av-section-cont-open' ><div class='template-page content  av-content-small alpha units'><div class='post-entry post-entry-type-page post-entry-1393'><div class='entry-content-wrapper clearfix'>\n\n<style type=\"text\/css\" data-created_by=\"avia_inline_auto\" id=\"style-css-av-zamwwh-c8ef60ec632ae3327fc9043f6a02882e\">\n.flex_column.av-zamwwh-c8ef60ec632ae3327fc9043f6a02882e{\nborder-radius:0px 0px 0px 0px;\npadding:0px 0px 0px 0px;\n}\n<\/style>\n<div  class='flex_column av-zamwwh-c8ef60ec632ae3327fc9043f6a02882e av_one_half  avia-builder-el-4  el_after_av_section  el_before_av_one_half  avia-builder-el-first  first flex_column_div av-zero-column-padding  '     ><p>\n<style type=\"text\/css\" data-created_by=\"avia_inline_auto\" id=\"style-css-av-xsmwc1-04d330169f74693c1d7df98e15b81ced\">\n#top .hr.hr-invisible.av-xsmwc1-04d330169f74693c1d7df98e15b81ced{\nheight:27px;\n}\n<\/style>\n<div  class='hr av-xsmwc1-04d330169f74693c1d7df98e15b81ced hr-invisible  avia-builder-el-5  el_before_av_icon_box  avia-builder-el-first '><span class='hr-inner '><span class=\"hr-inner-style\"><\/span><\/span><\/div><br \/>\n<article  class='iconbox iconbox_left_content av-vwtu8x-ff2d56ccf9bba977e860cbe02d7b26cc  avia-builder-el-6  el_after_av_hr  el_before_av_hr '  itemscope=\"itemscope\" itemtype=\"https:\/\/schema.org\/CreativeWork\" ><div class='iconbox_icon heading-color avia-iconfont avia-font-entypo-fontello' data-av_icon='\ue805' data-av_iconfont='entypo-fontello'  ><\/div><div class=\"iconbox_content\"><header class=\"entry-content-header\" aria-label=\"Icon: Kontaktieren Sie uns:\"><h3 class='iconbox_content_title '  itemprop=\"headline\" >Kontaktieren Sie uns:<\/h3><\/header><div class='iconbox_content_container '  itemprop=\"text\" ><p>Anschrift:<br \/>\nSudersand 5650, 624 67 F\u00e5r\u00f6, Schweden<\/p>\n<p><a href=\"https:\/\/www.google.se\/maps\/place\/Sudersands+Semesterby+%26+Camping\/@57.9547409,19.2485399,491m\/data=!3m1!1e3!4m7!1m4!3m3!1s0x0:0x0!2zNTfCsDU3JzEwLjQiTiAxOcKwMTQnMzYuMSJF!3b1!3m1!1s0x0000000000000000:0xf7da77ad83128553!6m1!1e1?hl=sv\" target=\"_blank\" rel=\"noopener\">Sehen Sie sich die gro\u00dfe Karte auf Google Maps an<\/a><\/p>\n<p>Telefon:<br \/>\n+46(0)498-22 35 36<\/p>\n<p>E-Mail:<br \/>\ninfo@sudersand.se<\/p>\n<\/div><\/div><footer class=\"entry-footer\"><\/footer><\/article><br \/>\n<div  class='hr av-u1j7qp-291bbd8d27fc80cd722c3beb989c46ee hr-short  avia-builder-el-7  el_after_av_icon_box  el_before_av_icon_box  hr-left'><span class='hr-inner '><span class=\"hr-inner-style\"><\/span><\/span><\/div><br \/>\n<article  class='iconbox iconbox_left_content av-tcyvbl-72478798e905b0a95655612f152cef6d  avia-builder-el-8  el_after_av_hr  avia-builder-el-last '  itemscope=\"itemscope\" itemtype=\"https:\/\/schema.org\/CreativeWork\" ><div class='iconbox_icon heading-color avia-iconfont avia-font-entypo-fontello' data-av_icon='\ue862' data-av_iconfont='entypo-fontello'  ><\/div><div class=\"iconbox_content\"><header class=\"entry-content-header\" aria-label=\"Icon: \u00d6ffnungszeiten\"><h3 class='iconbox_content_title '  itemprop=\"headline\" >\u00d6ffnungszeiten<\/h3><\/header><div class='iconbox_content_container '  itemprop=\"text\" ><p>Wir haben ganzj\u00e4hrig ge\u00f6ffnet.<br \/>\nIn der Nebensaison sind jedoch nur Strandskogens camping, das Feriendorf und die H\u00fctten ge\u00f6ffnet.<\/p>\n<h4>\u00d6FFNUNGSZEITEN REZEPTIONEN<\/h4>\n<p>Hauptsaison (24.06. &#8211; 14.08):<br \/>\nt\u00e4glich 9 &#8211; 21 Uhr.<\/p>\n<p>Fr\u00fchling, Herbst und Winter:<br \/>\nMo &#8211; Mi: geschlossen (aber telefonisch erreichbar 10.00-13.00)<br \/>\nDo &#8211; Fr: 10.00 &#8211; 16.00<br \/>\nSa &#8211; So: 10.00 &#8211; 14.00<\/p>\n<\/div><\/div><footer class=\"entry-footer\"><\/footer><\/article><\/p><\/div>\n<style type=\"text\/css\" data-created_by=\"avia_inline_auto\" id=\"style-css-av-qxzv9t-689f885d784ffffd0a50b4e141b467eb\">\n.flex_column.av-qxzv9t-689f885d784ffffd0a50b4e141b467eb{\nborder-width:1px;\nborder-color:rgba(0,0,0,0.6);\nborder-style:solid;\nborder-radius:5px 5px 5px 5px;\npadding:8px 15px 8px 15px;\nbackground-color:#ffffff;\n}\n<\/style>\n<div  class='flex_column av-qxzv9t-689f885d784ffffd0a50b4e141b467eb av_one_half  avia-builder-el-9  el_after_av_one_half  avia-builder-el-last  flex_column_div  '     ><p>\n<style type=\"text\/css\" data-created_by=\"avia_inline_auto\" id=\"style-css-av-pdch29-a8a9b383ce4687fb70904be6012cee68\">\n#top .hr.hr-invisible.av-pdch29-a8a9b383ce4687fb70904be6012cee68{\nheight:20px;\n}\n<\/style>\n<div  class='hr av-pdch29-a8a9b383ce4687fb70904be6012cee68 hr-invisible  avia-builder-el-10  el_before_av_contact  avia-builder-el-first '><span class='hr-inner '><span class=\"hr-inner-style\"><\/span><\/span><\/div><br \/>\n<form action=\"https:\/\/www.sudersand.se\/de\/kontakt\/\" method=\"post\" data-fields-with-error=\"Fehler wurden in folgenden Feld(ern) gefunden:\" class=\"avia_ajax_form av-form-labels-visible   avia-builder-el-11  el_after_av_hr  el_before_av_hr   \" data-avia-form-id=\"1\" data-avia-redirect='' ><h3 class=''>BUCHUNGSANFRAGE SENDEN<\/h3><fieldset><p class='  first_form  form_element form_element_half' id='element_avia_1_1'><label for=\"avia_1_1\">Namen <abbr class=\"required\" title=\"ben\u00f6tigt\">*<\/abbr><\/label> <input name=\"avia_1_1\" class=\"text_input is_empty\" type=\"text\" id=\"avia_1_1\" value=\"\" \/><\/p><p class='  form_element form_element_half' id='element_avia_2_1'><label for=\"avia_2_1\">E-mail <abbr class=\"required\" title=\"ben\u00f6tigt\">*<\/abbr><\/label> <input name=\"avia_2_1\" class=\"text_input is_email\" type=\"text\" id=\"avia_2_1\" value=\"\" \/><\/p><p class='  first_form  form_element form_fullwidth' id='element_avia_3_1'><label for=\"avia_3_1\">Adresse <abbr class=\"required\" title=\"ben\u00f6tigt\">*<\/abbr><\/label> <input name=\"avia_3_1\" class=\"text_input is_empty\" type=\"text\" id=\"avia_3_1\" value=\"\" \/><\/p><p class='  first_form  form_element form_element_half' id='element_avia_4_1'><label for=\"avia_4_1\">Postleitzahl <abbr class=\"required\" title=\"ben\u00f6tigt\">*<\/abbr><\/label> <input name=\"avia_4_1\" class=\"text_input is_empty\" type=\"text\" id=\"avia_4_1\" value=\"\" \/><\/p><p class='  form_element form_element_half' id='element_avia_5_1'><label for=\"avia_5_1\">Stadt <abbr class=\"required\" title=\"ben\u00f6tigt\">*<\/abbr><\/label> <input name=\"avia_5_1\" class=\"text_input is_empty\" type=\"text\" id=\"avia_5_1\" value=\"\" \/><\/p><p class='  first_form  form_element form_element_half' id='element_avia_6_1'><label for=\"avia_6_1\">Telefon <abbr class=\"required\" title=\"ben\u00f6tigt\">*<\/abbr><\/label> <input name=\"avia_6_1\" class=\"text_input is_empty\" type=\"text\" id=\"avia_6_1\" value=\"\" \/><\/p><p class='  form_element form_element_half' id='element_avia_7_1'><label for=\"avia_7_1\">Personenzahl<\/label><select  name=\"avia_7_1\" class=\"select \" id=\"avia_7_1\"><option   value='1'>1<\/option><option   value='2'>2<\/option><option   value='3'>3<\/option><option   value='4'>4<\/option><option   value='5'>5<\/option><option   value='6'>6<\/option><option   value='7'>7<\/option><option   value='8'>8<\/option><option   value='9'>9<\/option><option   value='10'>10<\/option><option   value='11'>11<\/option><option   value='12'>12<\/option><option   value='13'>13<\/option><option   value='14'>14<\/option><option   value='15'>15<\/option><option   value='16'>16<\/option><option   value='17'>17<\/option><option   value='18'>18<\/option><option   value='19'>19<\/option><option   value='20'>20<\/option><option   value='21'>21<\/option><option   value='22'>22<\/option><option   value='23'>23<\/option><option   value='24'>24<\/option><option   value='25'>25<\/option><option   value='26'>26<\/option><option   value='27'>27<\/option><option   value='28'>28<\/option><option   value='29'>29<\/option><option   value='30'>30<\/option><\/select><\/p><p class='  first_form  form_element form_element_half' id='element_avia_8_1'><label for=\"avia_8_1\">Gew\u00fcnschtes Check-in<\/label> <input name=\"avia_8_1\" class=\"avia_datepicker text_input \" type=\"text\" id=\"avia_8_1\" value=\"\" placeholder=\"DD \/ MM \/ YY\" inputmode=\"none\" \/><\/p><p class='  form_element form_element_half' id='element_avia_9_1'><label for=\"avia_9_1\">Gew\u00fcnschtes Check-out<\/label> <input name=\"avia_9_1\" class=\"avia_datepicker text_input \" type=\"text\" id=\"avia_9_1\" value=\"\" placeholder=\"DD \/ MM \/ YY\" inputmode=\"none\" \/><\/p><p class='  first_form  form_element form_element_half' id='element_avia_10_1'><input  name=\"avia_10_1\" class=\"input_checkbox \" type=\"checkbox\" id=\"avia_10_1\" value=\"true\"\/><label class=\"input_checkbox_label\" for=\"avia_10_1\">Nur Anfrage<\/label><\/p><p class='  form_element form_element_half' id='element_avia_11_1'><input  name=\"avia_11_1\" class=\"input_checkbox \" type=\"checkbox\" id=\"avia_11_1\" value=\"true\"\/><label class=\"input_checkbox_label\" for=\"avia_11_1\">Buchen, falls verf\u00fcgbar<\/label><\/p><p class='  first_form  form_element form_fullwidth av-last-visible-form-element' id='element_avia_12_1'><label for=\"avia_12_1\" class=\"textare_label hidden textare_label_avia_12_1\">Mitteilung <abbr class=\"required\" title=\"ben\u00f6tigt\">*<\/abbr><\/label><textarea  name=\"avia_12_1\" class=\"text_area is_empty\" cols=\"40\" rows=\"7\" id=\"avia_12_1\" ><\/textarea><\/p><p class=\"hidden\"><input type=\"text\" name=\"avia_13_1\" class=\"hidden \" id=\"avia_13_1\" value=\"\" \/><\/p><p class=\"form_element \"><input type=\"hidden\" value=\"1\" name=\"avia_generated_form1\" \/><input type=\"submit\" value=\"Senden\" class=\"button\"  data-sending-label=\"Sende\"\/><\/p><\/fieldset><\/form><div id=\"ajaxresponse_1\" class=\"ajaxresponse ajaxresponse_1 hidden\"><\/div><br \/>\n\n<style type=\"text\/css\" data-created_by=\"avia_inline_auto\" id=\"style-css-av-21fujl-e9743c663345cc25658058b340609889\">\n#top .hr.hr-invisible.av-21fujl-e9743c663345cc25658058b340609889{\nheight:20px;\n}\n<\/style>\n<div  class='hr av-21fujl-e9743c663345cc25658058b340609889 hr-invisible  avia-builder-el-12  el_after_av_contact  avia-builder-el-last '><span class='hr-inner '><span class=\"hr-inner-style\"><\/span><\/span><\/div><\/p><\/div><\/p>\n","protected":false},"excerpt":{"rendered":"","protected":false},"author":1,"featured_media":0,"parent":0,"menu_order":0,"comment_status":"closed","ping_status":"closed","template":"","meta":{"footnotes":""},"class_list":["post-1393","page","type-page","status-publish","hentry"],"yoast_head":"<!-- This site is optimized with the Yoast SEO plugin v27.5 - https:\/\/yoast.com\/product\/yoast-seo-wordpress\/ -->\n<title>Kontakt - Sudersand Resort - din Camping p\u00e5 Gotland<\/title>\n<meta name=\"robots\" content=\"index, follow, max-snippet:-1, max-image-preview:large, max-video-preview:-1\" \/>\n<link rel=\"canonical\" href=\"https:\/\/www.sudersand.se\/de\/kontakt\/\" \/>\n<meta property=\"og:locale\" content=\"de_DE\" \/>\n<meta property=\"og:type\" content=\"article\" \/>\n<meta property=\"og:title\" content=\"Kontakt - Sudersand Resort - din Camping p\u00e5 Gotland\" \/>\n<meta property=\"og:url\" content=\"https:\/\/www.sudersand.se\/de\/kontakt\/\" \/>\n<meta property=\"og:site_name\" content=\"Sudersand Resort - din Camping p\u00e5 Gotland\" \/>\n<meta property=\"article:publisher\" content=\"https:\/\/www.facebook.com\/sudersand.se\/\" \/>\n<meta property=\"article:modified_time\" content=\"2024-09-27T06:35:03+00:00\" \/>\n<meta name=\"twitter:card\" content=\"summary_large_image\" \/>\n<meta name=\"twitter:label1\" content=\"Gesch\u00e4tzte Lesezeit\" \/>\n\t<meta name=\"twitter:data1\" content=\"1\u00a0Minute\" \/>\n<script type=\"application\/ld+json\" class=\"yoast-schema-graph\">{\"@context\":\"https:\\\/\\\/schema.org\",\"@graph\":[{\"@type\":\"WebPage\",\"@id\":\"https:\\\/\\\/www.sudersand.se\\\/de\\\/kontakt\\\/\",\"url\":\"https:\\\/\\\/www.sudersand.se\\\/de\\\/kontakt\\\/\",\"name\":\"Kontakt - Sudersand Resort - din Camping p\u00e5 Gotland\",\"isPartOf\":{\"@id\":\"https:\\\/\\\/www.sudersand.se\\\/#website\"},\"datePublished\":\"2016-01-07T19:01:31+00:00\",\"dateModified\":\"2024-09-27T06:35:03+00:00\",\"breadcrumb\":{\"@id\":\"https:\\\/\\\/www.sudersand.se\\\/de\\\/kontakt\\\/#breadcrumb\"},\"inLanguage\":\"de\",\"potentialAction\":[{\"@type\":\"ReadAction\",\"target\":[\"https:\\\/\\\/www.sudersand.se\\\/de\\\/kontakt\\\/\"]}]},{\"@type\":\"BreadcrumbList\",\"@id\":\"https:\\\/\\\/www.sudersand.se\\\/de\\\/kontakt\\\/#breadcrumb\",\"itemListElement\":[{\"@type\":\"ListItem\",\"position\":1,\"name\":\"Hem\",\"item\":\"https:\\\/\\\/www.sudersand.se\\\/de\\\/home\\\/\"},{\"@type\":\"ListItem\",\"position\":2,\"name\":\"Kontakt\"}]},{\"@type\":\"WebSite\",\"@id\":\"https:\\\/\\\/www.sudersand.se\\\/#website\",\"url\":\"https:\\\/\\\/www.sudersand.se\\\/\",\"name\":\"Sudersand Resort - din Camping p\u00e5 Gotland\",\"description\":\"CAMPING P\u00c5 GOTLAND - Camping &amp; stugor intill sandstranden Sudersand!\",\"potentialAction\":[{\"@type\":\"SearchAction\",\"target\":{\"@type\":\"EntryPoint\",\"urlTemplate\":\"https:\\\/\\\/www.sudersand.se\\\/?s={search_term_string}\"},\"query-input\":{\"@type\":\"PropertyValueSpecification\",\"valueRequired\":true,\"valueName\":\"search_term_string\"}}],\"inLanguage\":\"de\"}]}<\/script>\n<!-- \/ Yoast SEO plugin. -->","yoast_head_json":{"title":"Kontakt - Sudersand Resort - din Camping p\u00e5 Gotland","robots":{"index":"index","follow":"follow","max-snippet":"max-snippet:-1","max-image-preview":"max-image-preview:large","max-video-preview":"max-video-preview:-1"},"canonical":"https:\/\/www.sudersand.se\/de\/kontakt\/","og_locale":"de_DE","og_type":"article","og_title":"Kontakt - Sudersand Resort - din Camping p\u00e5 Gotland","og_url":"https:\/\/www.sudersand.se\/de\/kontakt\/","og_site_name":"Sudersand Resort - din Camping p\u00e5 Gotland","article_publisher":"https:\/\/www.facebook.com\/sudersand.se\/","article_modified_time":"2024-09-27T06:35:03+00:00","twitter_card":"summary_large_image","twitter_misc":{"Gesch\u00e4tzte Lesezeit":"1\u00a0Minute"},"schema":{"@context":"https:\/\/schema.org","@graph":[{"@type":"WebPage","@id":"https:\/\/www.sudersand.se\/de\/kontakt\/","url":"https:\/\/www.sudersand.se\/de\/kontakt\/","name":"Kontakt - Sudersand Resort - din Camping p\u00e5 Gotland","isPartOf":{"@id":"https:\/\/www.sudersand.se\/#website"},"datePublished":"2016-01-07T19:01:31+00:00","dateModified":"2024-09-27T06:35:03+00:00","breadcrumb":{"@id":"https:\/\/www.sudersand.se\/de\/kontakt\/#breadcrumb"},"inLanguage":"de","potentialAction":[{"@type":"ReadAction","target":["https:\/\/www.sudersand.se\/de\/kontakt\/"]}]},{"@type":"BreadcrumbList","@id":"https:\/\/www.sudersand.se\/de\/kontakt\/#breadcrumb","itemListElement":[{"@type":"ListItem","position":1,"name":"Hem","item":"https:\/\/www.sudersand.se\/de\/home\/"},{"@type":"ListItem","position":2,"name":"Kontakt"}]},{"@type":"WebSite","@id":"https:\/\/www.sudersand.se\/#website","url":"https:\/\/www.sudersand.se\/","name":"Sudersand Resort - din Camping p\u00e5 Gotland","description":"CAMPING P\u00c5 GOTLAND - Camping &amp; stugor intill sandstranden Sudersand!","potentialAction":[{"@type":"SearchAction","target":{"@type":"EntryPoint","urlTemplate":"https:\/\/www.sudersand.se\/?s={search_term_string}"},"query-input":{"@type":"PropertyValueSpecification","valueRequired":true,"valueName":"search_term_string"}}],"inLanguage":"de"}]}},"_links":{"self":[{"href":"https:\/\/www.sudersand.se\/de\/wp-json\/wp\/v2\/pages\/1393","targetHints":{"allow":["GET"]}}],"collection":[{"href":"https:\/\/www.sudersand.se\/de\/wp-json\/wp\/v2\/pages"}],"about":[{"href":"https:\/\/www.sudersand.se\/de\/wp-json\/wp\/v2\/types\/page"}],"author":[{"embeddable":true,"href":"https:\/\/www.sudersand.se\/de\/wp-json\/wp\/v2\/users\/1"}],"replies":[{"embeddable":true,"href":"https:\/\/www.sudersand.se\/de\/wp-json\/wp\/v2\/comments?post=1393"}],"version-history":[{"count":31,"href":"https:\/\/www.sudersand.se\/de\/wp-json\/wp\/v2\/pages\/1393\/revisions"}],"predecessor-version":[{"id":18561,"href":"https:\/\/www.sudersand.se\/de\/wp-json\/wp\/v2\/pages\/1393\/revisions\/18561"}],"wp:attachment":[{"href":"https:\/\/www.sudersand.se\/de\/wp-json\/wp\/v2\/media?parent=1393"}],"curies":[{"name":"wp","href":"https:\/\/api.w.org\/{rel}","templated":true}]}}