{"id":1396,"date":"2016-01-07T19:00:51","date_gmt":"2016-01-07T19:00:51","guid":{"rendered":"http:\/\/www.sudersand.se\/de\/boka-online\/"},"modified":"2016-11-03T18:45:00","modified_gmt":"2016-11-03T18:45:00","slug":"boka-online","status":"publish","type":"page","link":"https:\/\/www.sudersand.se\/de\/boka-online\/","title":{"rendered":"Boka online"},"content":{"rendered":"<div><span style=\"color: #000000;\"><strong>Pga tekniska problem s\u00e5 g\u00e5r det\u00a0f\u00f6r tillf\u00e4llet inte att boka genom webl\u00e4saren Internet Explorer.<\/strong><\/span><br \/>\n<span style=\"color: #000000;\"> <strong>Anv\u00e4nd Google Chrome, Firefox eller Safari.\u00a0<\/strong><\/span><\/div>\n<p>&nbsp;<\/p>\n<div>Onlinebokningen uppdateras under v\u00e5ren och vi reserverar oss mot eventuella fel i priserna.<br \/>\nDet \u00e4r alltid priserna p\u00e5 hemsidan som g\u00e4ller om Ni \u00e4r os\u00e4kra.<\/div>\n<p>&nbsp;<\/p>\n<div id=\"turbo_onlinebokning\"><iframe src=\"https:\/\/bokning2.paxess.se\/sudersand\" width=\"850\" height=\"700\" frameborder=\"0\" scrolling=\"auto\" align=\"middle\">var turbo_weburl = &#8222;https:\/\/bokning2.paxess.se\/sudersand&#8220;;var turbo_h = 700;var turbo_w = 850;var turbo_bw = &#8218;<iframe src=\"' + turbo_weburl + '\" height=\"' + turbo_h + '\" width=\"' + turbo_w + '\" frameborder=\"0\" align=\"middle\" scrolling=\"auto\">&#8218;;document.getElementById(&#8222;turbo_onlinebokning&#8220;).innerHTML = turbo_bw;<\/iframe><\/iframe><\/div>\n","protected":false},"excerpt":{"rendered":"<p>Pga tekniska problem s\u00e5 g\u00e5r det\u00a0f\u00f6r tillf\u00e4llet inte att boka genom webl\u00e4saren [&hellip;]<\/p>\n","protected":false},"author":1,"featured_media":0,"parent":0,"menu_order":0,"comment_status":"closed","ping_status":"closed","template":"","meta":{"footnotes":""},"class_list":["post-1396","page","type-page","status-publish","hentry"],"yoast_head":"<!-- This site is optimized with the Yoast SEO plugin v27.5 - https:\/\/yoast.com\/product\/yoast-seo-wordpress\/ -->\n<title>Boka online - Sudersand Resort - din Camping p\u00e5 Gotland<\/title>\n<meta name=\"robots\" content=\"index, follow, max-snippet:-1, max-image-preview:large, max-video-preview:-1\" \/>\n<link rel=\"canonical\" href=\"https:\/\/www.sudersand.se\/de\/boka-online\/\" \/>\n<meta property=\"og:locale\" content=\"de_DE\" \/>\n<meta property=\"og:type\" content=\"article\" \/>\n<meta property=\"og:title\" content=\"Boka online - Sudersand Resort - din Camping p\u00e5 Gotland\" \/>\n<meta property=\"og:description\" content=\"Pga tekniska problem s\u00e5 g\u00e5r det\u00a0f\u00f6r tillf\u00e4llet inte att boka genom webl\u00e4saren [&hellip;]\" \/>\n<meta property=\"og:url\" content=\"https:\/\/www.sudersand.se\/de\/boka-online\/\" \/>\n<meta property=\"og:site_name\" content=\"Sudersand Resort - din Camping p\u00e5 Gotland\" \/>\n<meta property=\"article:publisher\" content=\"https:\/\/www.facebook.com\/sudersand.se\/\" \/>\n<meta property=\"article:modified_time\" content=\"2016-11-03T18:45:00+00:00\" \/>\n<meta name=\"twitter:card\" content=\"summary_large_image\" \/>\n<script type=\"application\/ld+json\" class=\"yoast-schema-graph\">{\"@context\":\"https:\\\/\\\/schema.org\",\"@graph\":[{\"@type\":\"WebPage\",\"@id\":\"https:\\\/\\\/www.sudersand.se\\\/de\\\/boka-online\\\/\",\"url\":\"https:\\\/\\\/www.sudersand.se\\\/de\\\/boka-online\\\/\",\"name\":\"Boka online - Sudersand Resort - din Camping p\u00e5 Gotland\",\"isPartOf\":{\"@id\":\"https:\\\/\\\/www.sudersand.se\\\/#website\"},\"datePublished\":\"2016-01-07T19:00:51+00:00\",\"dateModified\":\"2016-11-03T18:45:00+00:00\",\"breadcrumb\":{\"@id\":\"https:\\\/\\\/www.sudersand.se\\\/de\\\/boka-online\\\/#breadcrumb\"},\"inLanguage\":\"de\",\"potentialAction\":[{\"@type\":\"ReadAction\",\"target\":[\"https:\\\/\\\/www.sudersand.se\\\/de\\\/boka-online\\\/\"]}]},{\"@type\":\"BreadcrumbList\",\"@id\":\"https:\\\/\\\/www.sudersand.se\\\/de\\\/boka-online\\\/#breadcrumb\",\"itemListElement\":[{\"@type\":\"ListItem\",\"position\":1,\"name\":\"Hem\",\"item\":\"https:\\\/\\\/www.sudersand.se\\\/de\\\/home\\\/\"},{\"@type\":\"ListItem\",\"position\":2,\"name\":\"Boka online\"}]},{\"@type\":\"WebSite\",\"@id\":\"https:\\\/\\\/www.sudersand.se\\\/#website\",\"url\":\"https:\\\/\\\/www.sudersand.se\\\/\",\"name\":\"Sudersand Resort - din Camping p\u00e5 Gotland\",\"description\":\"CAMPING P\u00c5 GOTLAND - Camping &amp; stugor intill sandstranden Sudersand!\",\"potentialAction\":[{\"@type\":\"SearchAction\",\"target\":{\"@type\":\"EntryPoint\",\"urlTemplate\":\"https:\\\/\\\/www.sudersand.se\\\/?s={search_term_string}\"},\"query-input\":{\"@type\":\"PropertyValueSpecification\",\"valueRequired\":true,\"valueName\":\"search_term_string\"}}],\"inLanguage\":\"de\"}]}<\/script>\n<!-- \/ Yoast SEO plugin. -->","yoast_head_json":{"title":"Boka online - Sudersand Resort - din Camping p\u00e5 Gotland","robots":{"index":"index","follow":"follow","max-snippet":"max-snippet:-1","max-image-preview":"max-image-preview:large","max-video-preview":"max-video-preview:-1"},"canonical":"https:\/\/www.sudersand.se\/de\/boka-online\/","og_locale":"de_DE","og_type":"article","og_title":"Boka online - Sudersand Resort - din Camping p\u00e5 Gotland","og_description":"Pga tekniska problem s\u00e5 g\u00e5r det\u00a0f\u00f6r tillf\u00e4llet inte att boka genom webl\u00e4saren [&hellip;]","og_url":"https:\/\/www.sudersand.se\/de\/boka-online\/","og_site_name":"Sudersand Resort - din Camping p\u00e5 Gotland","article_publisher":"https:\/\/www.facebook.com\/sudersand.se\/","article_modified_time":"2016-11-03T18:45:00+00:00","twitter_card":"summary_large_image","schema":{"@context":"https:\/\/schema.org","@graph":[{"@type":"WebPage","@id":"https:\/\/www.sudersand.se\/de\/boka-online\/","url":"https:\/\/www.sudersand.se\/de\/boka-online\/","name":"Boka online - Sudersand Resort - din Camping p\u00e5 Gotland","isPartOf":{"@id":"https:\/\/www.sudersand.se\/#website"},"datePublished":"2016-01-07T19:00:51+00:00","dateModified":"2016-11-03T18:45:00+00:00","breadcrumb":{"@id":"https:\/\/www.sudersand.se\/de\/boka-online\/#breadcrumb"},"inLanguage":"de","potentialAction":[{"@type":"ReadAction","target":["https:\/\/www.sudersand.se\/de\/boka-online\/"]}]},{"@type":"BreadcrumbList","@id":"https:\/\/www.sudersand.se\/de\/boka-online\/#breadcrumb","itemListElement":[{"@type":"ListItem","position":1,"name":"Hem","item":"https:\/\/www.sudersand.se\/de\/home\/"},{"@type":"ListItem","position":2,"name":"Boka online"}]},{"@type":"WebSite","@id":"https:\/\/www.sudersand.se\/#website","url":"https:\/\/www.sudersand.se\/","name":"Sudersand Resort - din Camping p\u00e5 Gotland","description":"CAMPING P\u00c5 GOTLAND - Camping &amp; stugor intill sandstranden Sudersand!","potentialAction":[{"@type":"SearchAction","target":{"@type":"EntryPoint","urlTemplate":"https:\/\/www.sudersand.se\/?s={search_term_string}"},"query-input":{"@type":"PropertyValueSpecification","valueRequired":true,"valueName":"search_term_string"}}],"inLanguage":"de"}]}},"_links":{"self":[{"href":"https:\/\/www.sudersand.se\/de\/wp-json\/wp\/v2\/pages\/1396","targetHints":{"allow":["GET"]}}],"collection":[{"href":"https:\/\/www.sudersand.se\/de\/wp-json\/wp\/v2\/pages"}],"about":[{"href":"https:\/\/www.sudersand.se\/de\/wp-json\/wp\/v2\/types\/page"}],"author":[{"embeddable":true,"href":"https:\/\/www.sudersand.se\/de\/wp-json\/wp\/v2\/users\/1"}],"replies":[{"embeddable":true,"href":"https:\/\/www.sudersand.se\/de\/wp-json\/wp\/v2\/comments?post=1396"}],"version-history":[{"count":6,"href":"https:\/\/www.sudersand.se\/de\/wp-json\/wp\/v2\/pages\/1396\/revisions"}],"predecessor-version":[{"id":2361,"href":"https:\/\/www.sudersand.se\/de\/wp-json\/wp\/v2\/pages\/1396\/revisions\/2361"}],"wp:attachment":[{"href":"https:\/\/www.sudersand.se\/de\/wp-json\/wp\/v2\/media?parent=1396"}],"curies":[{"name":"wp","href":"https:\/\/api.w.org\/{rel}","templated":true}]}}