{"id":2576,"date":"2016-11-27T20:25:15","date_gmt":"2016-11-27T19:25:15","guid":{"rendered":"http:\/\/www.sudersand.se\/de\/?page_id=2576"},"modified":"2017-12-04T11:47:17","modified_gmt":"2017-12-04T10:47:17","slug":"campinghutten","status":"publish","type":"page","link":"https:\/\/www.sudersand.se\/de\/campinghutten\/","title":{"rendered":"Campingh\u00fctten"},"content":{"rendered":"<\/div><\/div><\/div><!-- close content main div --><\/div><\/div><div id='av_section_1'  class='avia-section av-av_section-2dcda1862a94bb522b437cf4f29dd74d main_color avia-section-default avia-no-shadow avia-bg-style-scroll container_wrap sidebar_right'  ><div class='container av-section-cont-open' ><div class='template-page content  av-content-small alpha units'><div class='post-entry post-entry-type-page post-entry-2576'><div class='entry-content-wrapper clearfix'>\n\n<style type=\"text\/css\" data-created_by=\"avia_inline_auto\" id=\"style-css-av-av_heading-6809a2813f0c6769313fa0527755665c\">\n#top .av-special-heading.av-av_heading-6809a2813f0c6769313fa0527755665c{\npadding-bottom:10px;\n}\nbody .av-special-heading.av-av_heading-6809a2813f0c6769313fa0527755665c .av-special-heading-tag .heading-char{\nfont-size:25px;\n}\n.av-special-heading.av-av_heading-6809a2813f0c6769313fa0527755665c .av-subheading{\nfont-size:16px;\n}\n<\/style>\n<div  class='av-special-heading av-av_heading-6809a2813f0c6769313fa0527755665c av-special-heading-h1 blockquote modern-quote modern-centered  avia-builder-el-0  el_before_av_section  avia-builder-el-no-sibling '><h1 class='av-special-heading-tag '  itemprop=\"headline\"  >CAMPINGH\u00dcTTEN<\/h1><div class='av-subheading av-subheading_below'><p>Auf beiden Campingplatzanlagen verf\u00fcgen wir \u00fcber Campingh\u00fctten.<br \/>\nBitte w\u00e4hlen Sie eines der Objekte f\u00fcr weitere Informationen aus.<\/p>\n<\/div><div class=\"special-heading-border\"><div class=\"special-heading-inner-border\"><\/div><\/div><\/div>\n<\/div><\/div><\/div><!-- close content main div --><\/div><\/div><div id='after_section_1'  class='main_color av_default_container_wrap container_wrap sidebar_right'  ><div class='container av-section-cont-open' ><div class='template-page content  av-content-small alpha units'><div class='post-entry post-entry-type-page post-entry-2576'><div class='entry-content-wrapper clearfix'>\n<\/div><\/div><\/div><!-- close content main div --><\/div><\/div>\n<style type=\"text\/css\" data-created_by=\"avia_inline_auto\" id=\"style-css-av-av_section-82a919514b879e1d42acc377c3ab0410\">\n.avia-section.av-av_section-82a919514b879e1d42acc377c3ab0410{\nbackground-color:#ffffff;\nbackground-image:unset;\n}\n<\/style>\n<div id='av_section_2'  class='avia-section av-av_section-82a919514b879e1d42acc377c3ab0410 main_color avia-section-default avia-no-shadow  avia-builder-el-1  el_after_av_heading  el_before_av_section  avia-bg-style-scroll container_wrap sidebar_right'  ><div class='container av-section-cont-open' ><div class='template-page content  av-content-small alpha units'><div class='post-entry post-entry-type-page post-entry-2576'><div class='entry-content-wrapper clearfix'>\n\n<style type=\"text\/css\" data-created_by=\"avia_inline_auto\" id=\"style-css-av-av_one_third-54de772575df517b4cafe4b062aa7fb6\">\n.flex_column.av-av_one_third-54de772575df517b4cafe4b062aa7fb6{\nborder-radius:0px 0px 0px 0px;\npadding:0px 0px 0px 0px;\n}\n<\/style>\n<div  class='flex_column av-av_one_third-54de772575df517b4cafe4b062aa7fb6 av_one_third  centerFFS first flex_column_div  '     ><p>\n<style type=\"text\/css\" data-created_by=\"avia_inline_auto\" id=\"style-css-av-av_heading-17b4818776f20678d6dda6a9bf6ca313\">\n#top .av-special-heading.av-av_heading-17b4818776f20678d6dda6a9bf6ca313{\npadding-bottom:10px;\n}\nbody .av-special-heading.av-av_heading-17b4818776f20678d6dda6a9bf6ca313 .av-special-heading-tag .heading-char{\nfont-size:25px;\n}\n.av-special-heading.av-av_heading-17b4818776f20678d6dda6a9bf6ca313 .av-subheading{\nfont-size:15px;\n}\n<\/style>\n<div  class='av-special-heading av-av_heading-17b4818776f20678d6dda6a9bf6ca313 av-special-heading-h2 blockquote modern-quote modern-centered'><h2 class='av-special-heading-tag '  itemprop=\"headline\"  >Campingh\u00fctten am<br \/>\nStrand<\/h2><div class=\"special-heading-border\"><div class=\"special-heading-inner-border\"><\/div><\/div><\/div><br \/>\n<section  class='av_textblock_section av-av_textblock-35972167d9f102c5ddaec0c531c98b9e '   itemscope=\"itemscope\" itemtype=\"https:\/\/schema.org\/CreativeWork\" ><div class='avia_textblock'  itemprop=\"text\" ><p><a href=\"https:\/\/www.sudersand.se\/de\/campinghutten\/huetten-am-strand\/\"><img loading=\"lazy\" decoding=\"async\" class=\"alignnone wp-image-1107 size-full\" src=\"https:\/\/sudersand.se\/wp-content\/uploads\/2016\/01\/strandcamping.jpg\" width=\"800\" height=\"500\" srcset=\"https:\/\/www.sudersand.se\/wp-content\/uploads\/2016\/01\/strandcamping.jpg 800w, https:\/\/www.sudersand.se\/wp-content\/uploads\/2016\/01\/strandcamping-300x188.jpg 300w, https:\/\/www.sudersand.se\/wp-content\/uploads\/2016\/01\/strandcamping-768x480.jpg 768w, https:\/\/www.sudersand.se\/wp-content\/uploads\/2016\/01\/strandcamping-705x441.jpg 705w, https:\/\/www.sudersand.se\/wp-content\/uploads\/2016\/01\/strandcamping-450x281.jpg 450w\" sizes=\"auto, (max-width: 800px) 100vw, 800px\" \/><\/a><\/p>\n<\/div><\/section><br \/>\n<div  class='avia-button-wrap av-av_button-ac9c1aa0fd35ea1d71960c4a131901f0-wrap avia-button-center '><a href='https:\/\/www.sudersand.se\/de\/campinghutten\/huetten-am-strand\/'  class='avia-button av-av_button-ac9c1aa0fd35ea1d71960c4a131901f0 av-link-btn avia-icon_select-no avia-size-x-large avia-position-center avia-color-theme-color'   aria-label=\"Weiter\"><span class='avia_iconbox_title' >Weiter<\/span><\/a><\/div><br \/>\n\n<style type=\"text\/css\" data-created_by=\"avia_inline_auto\" id=\"style-css-av-av_hr-5ea7596238ed9f191e6b5e662093052f\">\n#top .hr.hr-invisible.av-av_hr-5ea7596238ed9f191e6b5e662093052f{\nheight:30px;\n}\n<\/style>\n<div  class='hr av-av_hr-5ea7596238ed9f191e6b5e662093052f hr-invisible  avia-builder-el-2  el_before_av_one_third  avia-builder-el-first '><span class='hr-inner '><span class=\"hr-inner-style\"><\/span><\/span><\/div><\/p><\/div>\n<style type=\"text\/css\" data-created_by=\"avia_inline_auto\" id=\"style-css-av-av_one_third-c8fc129dc35fd1ae2a1e410224d39ea8\">\n.flex_column.av-av_one_third-c8fc129dc35fd1ae2a1e410224d39ea8{\nborder-radius:0px 0px 0px 0px;\npadding:0px 0px 0px 0px;\n}\n<\/style>\n<div  class='flex_column av-av_one_third-c8fc129dc35fd1ae2a1e410224d39ea8 av_one_third  avia-builder-el-3  el_after_av_hr  el_before_av_one_third  flex_column_div av-zero-column-padding  '     ><p>\n<style type=\"text\/css\" data-created_by=\"avia_inline_auto\" id=\"style-css-av-av_hr-0645478af54715b75905f78d46849be0\">\n#top .hr.hr-invisible.av-av_hr-0645478af54715b75905f78d46849be0{\nheight:50px;\n}\n<\/style>\n<div  class='hr av-av_hr-0645478af54715b75905f78d46849be0 hr-invisible'><span class='hr-inner '><span class=\"hr-inner-style\"><\/span><\/span><\/div><br \/>\n\n<style type=\"text\/css\" data-created_by=\"avia_inline_auto\" id=\"style-css-av-av_heading-3a1a25230727c23e0492518d7807ac3b\">\n#top .av-special-heading.av-av_heading-3a1a25230727c23e0492518d7807ac3b{\npadding-bottom:10px;\n}\nbody .av-special-heading.av-av_heading-3a1a25230727c23e0492518d7807ac3b .av-special-heading-tag .heading-char{\nfont-size:25px;\n}\n.av-special-heading.av-av_heading-3a1a25230727c23e0492518d7807ac3b .av-subheading{\nfont-size:15px;\n}\n<\/style>\n<div  class='av-special-heading av-av_heading-3a1a25230727c23e0492518d7807ac3b av-special-heading-h2 blockquote modern-quote modern-centered  avia-builder-el-4  el_before_av_hr  avia-builder-el-first '><h2 class='av-special-heading-tag '  itemprop=\"headline\"  >Campingh\u00fctten auf<br \/>\nStrandskogen<\/h2><div class=\"special-heading-border\"><div class=\"special-heading-inner-border\"><\/div><\/div><\/div><br \/>\n<section  class='av_textblock_section av-av_textblock-35972167d9f102c5ddaec0c531c98b9e '   itemscope=\"itemscope\" itemtype=\"https:\/\/schema.org\/CreativeWork\" ><div class='avia_textblock'  itemprop=\"text\" ><p><a href=\"https:\/\/www.sudersand.se\/de\/campinghutten\/huettencampingplatz\/\"><img loading=\"lazy\" decoding=\"async\" class=\"alignnone wp-image-1029 size-customsize1\" src=\"https:\/\/sudersand.se\/wp-content\/uploads\/2016\/02\/bildspel1-800x500.jpg\" width=\"800\" height=\"500\" \/><\/a><\/p>\n<\/div><\/section><br \/>\n<div  class='avia-button-wrap av-av_button-e6f7e60ae5bdc002e95e6d9897d42295-wrap avia-button-center '><a href='https:\/\/www.sudersand.se\/de\/campinghutten\/huettencampingplatz\/'  class='avia-button av-av_button-e6f7e60ae5bdc002e95e6d9897d42295 av-link-btn avia-icon_select-no avia-size-x-large avia-position-center avia-color-theme-color'   aria-label=\"Weiter\"><span class='avia_iconbox_title' >Weiter<\/span><\/a><\/div><br \/>\n\n<style type=\"text\/css\" data-created_by=\"avia_inline_auto\" id=\"style-css-av-av_hr-5ea7596238ed9f191e6b5e662093052f\">\n#top .hr.hr-invisible.av-av_hr-5ea7596238ed9f191e6b5e662093052f{\nheight:30px;\n}\n<\/style>\n<div  class='hr av-av_hr-5ea7596238ed9f191e6b5e662093052f hr-invisible  avia-builder-el-5  el_after_av_heading  el_before_av_image '><span class='hr-inner '><span class=\"hr-inner-style\"><\/span><\/span><\/div><\/p><\/div><\/div><\/div><\/div><!-- close content main div --><\/div><\/div>\n<style type=\"text\/css\" data-created_by=\"avia_inline_auto\" id=\"style-css-av-av_section-70b3727beb327d89863fe55130ce2be8\">\n.avia-section.av-av_section-70b3727beb327d89863fe55130ce2be8 .av-parallax .av-parallax-inner{\nbackground-repeat:no-repeat;\nbackground-image:url(https:\/\/www.sudersand.se\/wp-content\/uploads\/2014\/10\/kalksten_wide-e1516009163152.jpg);\nbackground-position:0% 0%;\nbackground-attachment:scroll;\n}\n<\/style>\n<div id='av_section_3'  class='avia-section av-av_section-70b3727beb327d89863fe55130ce2be8 main_color avia-section-default avia-no-shadow av-parallax-section avia-bg-style-parallax container_wrap sidebar_right'  data-section-bg-repeat='no-repeat'><div class='av-parallax' data-avia-parallax-ratio='0.3' ><div class='av-parallax-inner main_color avia-full-stretch'><\/div><\/div><div class='container av-section-cont-open' ><div class='template-page content  av-content-small alpha units'><div class='post-entry post-entry-type-page post-entry-2576'><div class='entry-content-wrapper clearfix'>\n\n<style type=\"text\/css\" data-created_by=\"avia_inline_auto\" id=\"style-css-av-av_one_third-7415e6aae61318e77fa3d4356cddf757\">\n.flex_column.av-av_one_third-7415e6aae61318e77fa3d4356cddf757{\nborder-radius:5px 5px 5px 5px;\npadding:0px 10px 0px 10px;\nbackground-color:rgba(255,255,255,0.01);\n}\n<\/style>\n<div  class='flex_column av-av_one_third-7415e6aae61318e77fa3d4356cddf757 av_one_third first flex_column_div av-animated-generic fade-in  '     ><style type=\"text\/css\" data-created_by=\"avia_inline_auto\" id=\"style-css-av-av_team_member-b7e017cddd76307dab3eee18a624814a\">\n#top #wrap_all .avia-team-member.av-av_team_member-b7e017cddd76307dab3eee18a624814a .team-member-name{\ncolor:#000000;\n}\n.avia-team-member.av-av_team_member-b7e017cddd76307dab3eee18a624814a .team-member-job-title{\ncolor:#000000;\n}\n.avia-team-member.av-av_team_member-b7e017cddd76307dab3eee18a624814a .team-member-description{\ncolor:#000000;\n}\n<\/style>\n<section  class='avia-team-member av-av_team_member-b7e017cddd76307dab3eee18a624814a  avia-team-member invalid-custom-class-found text-align center invalid-custom-class-found'  itemscope=\"itemscope\" itemtype=\"https:\/\/schema.org\/Person\" ><div class=\"team-img-container\"><img decoding=\"async\" fetchpriority=\"high\" class='wp-image-9586 avia-img-lazy-loading-not-9586 avia_image avia_image_team' src=\"https:\/\/www.sudersand.se\/wp-content\/uploads\/2016\/01\/Telefon_woodentable_800x461-800x450.jpg\" alt='Kontaktieren Sie uns'  itemprop=\"image\"   height=\"450\" width=\"800\" \/><div class=\"team-social\"><div class=\"team-social-inner\"><span class='hidden av_member_url_markup '  itemprop=\"url\" >https:\/\/www.sudersand.se\/de\/kontakt\/<\/span><a href='https:\/\/www.sudersand.se\/de\/kontakt\/' class='avia-team-icon av-av_team_icon-2c6bb55ce3a1a48ec991a7e146c21c58 avia-iconfont avia-font-entypo-fontello' rel='v:url' data-avia-tooltip=\"Ben\u00f6tigen Sie Hilfe beim Buchen?\"  data-av_icon='\ue805' data-av_iconfont='entypo-fontello' ><\/a><\/div><\/div><\/div><h3 class='team-member-name '  itemprop=\"name\" >Kontaktieren Sie uns<\/h3><span class='hidden team-member-affiliation'  itemprop=\"affiliation\" >Sudersand Resort - din Camping p\u00e5 Gotland<\/span><\/section><\/div>\n<style type=\"text\/css\" data-created_by=\"avia_inline_auto\" id=\"style-css-av-av_one_third-2464be83a6e6a0d172d49d9897ec0357\">\n.flex_column.av-av_one_third-2464be83a6e6a0d172d49d9897ec0357{\nborder-radius:5px 5px 5px 5px;\npadding:0px 10px 0px 10px;\nbackground-color:rgba(255,255,255,0.01);\n}\n<\/style>\n<div  class='flex_column av-av_one_third-2464be83a6e6a0d172d49d9897ec0357 av_one_third flex_column_div av-animated-generic fade-in  '     ><style type=\"text\/css\" data-created_by=\"avia_inline_auto\" id=\"style-css-av-av_team_member-0f10b3240d255c350dd29da30adbe590\">\n#top #wrap_all .avia-team-member.av-av_team_member-0f10b3240d255c350dd29da30adbe590 .team-member-name{\ncolor:#000000;\n}\n.avia-team-member.av-av_team_member-0f10b3240d255c350dd29da30adbe590 .team-member-job-title{\ncolor:#000000;\n}\n.avia-team-member.av-av_team_member-0f10b3240d255c350dd29da30adbe590 .team-member-description{\ncolor:#000000;\n}\n<\/style>\n<section  class='avia-team-member av-av_team_member-0f10b3240d255c350dd29da30adbe590'  itemscope=\"itemscope\" itemtype=\"https:\/\/schema.org\/Person\" ><div class=\"team-img-container\"><img decoding=\"async\" fetchpriority=\"high\" class='wp-image-9726 avia-img-lazy-loading-not-9726 avia_image avia_image_team' src=\"https:\/\/www.sudersand.se\/wp-content\/uploads\/2016\/01\/Lightbulb_1000x650-1-800x450.jpg\" alt='Information'  itemprop=\"image\"   height=\"450\" width=\"800\" \/><div class=\"team-social\"><div class=\"team-social-inner\"><span class='hidden av_member_url_markup '  itemprop=\"url\" >https:\/\/www.sudersand.se\/de\/informationen-zu-den-unterkuenften\/<\/span><a href='https:\/\/www.sudersand.se\/de\/informationen-zu-den-unterkuenften\/' class='avia-team-icon av-av_team_icon-bb01e1c42fc8d4875fa4f93a899667cf avia-iconfont avia-font-entypo-fontello' rel='v:url' data-avia-tooltip=\"Alles Wissenswerte \u00fcber die Anlage\"  data-av_icon='\ue81e' data-av_iconfont='entypo-fontello' ><\/a><\/div><\/div><\/div><h3 class='team-member-name '  itemprop=\"name\" >Information<\/h3><span class='hidden team-member-affiliation'  itemprop=\"affiliation\" >Sudersand Resort - din Camping p\u00e5 Gotland<\/span><\/section><\/div>\n<style type=\"text\/css\" data-created_by=\"avia_inline_auto\" id=\"style-css-av-av_one_third-2464be83a6e6a0d172d49d9897ec0357\">\n.flex_column.av-av_one_third-2464be83a6e6a0d172d49d9897ec0357{\nborder-radius:5px 5px 5px 5px;\npadding:0px 10px 0px 10px;\nbackground-color:rgba(255,255,255,0.01);\n}\n<\/style>\n<div  class='flex_column av-av_one_third-2464be83a6e6a0d172d49d9897ec0357 av_one_third flex_column_div av-animated-generic fade-in  '     ><style type=\"text\/css\" data-created_by=\"avia_inline_auto\" id=\"style-css-av-av_team_member-75a6579ee091708d3b33de8f689ac7d6\">\n#top #wrap_all .avia-team-member.av-av_team_member-75a6579ee091708d3b33de8f689ac7d6 .team-member-name{\ncolor:#000000;\n}\n.avia-team-member.av-av_team_member-75a6579ee091708d3b33de8f689ac7d6 .team-member-job-title{\ncolor:#000000;\n}\n.avia-team-member.av-av_team_member-75a6579ee091708d3b33de8f689ac7d6 .team-member-description{\ncolor:#000000;\n}\n<\/style>\n<section  class='avia-team-member av-av_team_member-75a6579ee091708d3b33de8f689ac7d6'  itemscope=\"itemscope\" itemtype=\"https:\/\/schema.org\/Person\" ><div class=\"team-img-container\"><img decoding=\"async\" fetchpriority=\"high\" class='wp-image-9386 avia-img-lazy-loading-not-9386 avia_image avia_image_team' src=\"https:\/\/www.sudersand.se\/wp-content\/uploads\/2016\/02\/panorama-fran-luften-800x450.jpg\" alt='Panorama aus der Luft'  itemprop=\"image\"   height=\"450\" width=\"800\" srcset=\"https:\/\/www.sudersand.se\/wp-content\/uploads\/2016\/02\/panorama-fran-luften.jpg 800w, https:\/\/www.sudersand.se\/wp-content\/uploads\/2016\/02\/panorama-fran-luften-300x169.jpg 300w, https:\/\/www.sudersand.se\/wp-content\/uploads\/2016\/02\/panorama-fran-luften-768x432.jpg 768w, https:\/\/www.sudersand.se\/wp-content\/uploads\/2016\/02\/panorama-fran-luften-705x397.jpg 705w, https:\/\/www.sudersand.se\/wp-content\/uploads\/2016\/02\/panorama-fran-luften-450x253.jpg 450w\" sizes=\"(max-width: 800px) 100vw, 800px\" \/><div class=\"team-social\"><div class=\"team-social-inner\"><span class='hidden av_member_url_markup '  itemprop=\"url\" >https:\/\/www.sudersand.se\/360\/5.html<\/span><a href='https:\/\/www.sudersand.se\/360\/5.html' class='avia-team-icon av-av_team_icon-b282e6cf526b679b9ea6a8dc8e8ee073 avia-iconfont avia-font-entypo-fontello' rel='v:url' data-avia-tooltip=\"Die Seite ist auf Schwedisch\"  data-av_icon='\ue80f' data-av_iconfont='entypo-fontello' ><\/a><\/div><\/div><\/div><h3 class='team-member-name '  itemprop=\"name\" >Panorama aus der Luft<\/h3><span class='hidden team-member-affiliation'  itemprop=\"affiliation\" >Sudersand Resort - din Camping p\u00e5 Gotland<\/span><\/section><\/div>\n<\/div><\/div><\/div><!-- close content main div --><\/div><\/div><div id='after_section_3'  class='main_color av_default_container_wrap container_wrap sidebar_right'  ><div class='container av-section-cont-open' ><div class='template-page content  av-content-small alpha units'><div class='post-entry post-entry-type-page post-entry-2576'><div class='entry-content-wrapper clearfix'><\/p>\n","protected":false},"excerpt":{"rendered":"","protected":false},"author":2,"featured_media":0,"parent":0,"menu_order":0,"comment_status":"closed","ping_status":"closed","template":"","meta":{"footnotes":""},"class_list":["post-2576","page","type-page","status-publish","hentry"],"yoast_head":"<!-- This site is optimized with the Yoast SEO plugin v27.4 - https:\/\/yoast.com\/product\/yoast-seo-wordpress\/ -->\n<title>Campingh\u00fctten - Sudersand Resort - din Camping p\u00e5 Gotland<\/title>\n<meta name=\"robots\" content=\"index, follow, max-snippet:-1, max-image-preview:large, max-video-preview:-1\" \/>\n<link rel=\"canonical\" href=\"https:\/\/www.sudersand.se\/de\/campinghutten\/\" \/>\n<meta property=\"og:locale\" content=\"de_DE\" \/>\n<meta property=\"og:type\" content=\"article\" \/>\n<meta property=\"og:title\" content=\"Campingh\u00fctten - Sudersand Resort - din Camping p\u00e5 Gotland\" \/>\n<meta property=\"og:url\" content=\"https:\/\/www.sudersand.se\/de\/campinghutten\/\" \/>\n<meta property=\"og:site_name\" content=\"Sudersand Resort - din Camping p\u00e5 Gotland\" \/>\n<meta property=\"article:publisher\" content=\"https:\/\/www.facebook.com\/sudersand.se\/\" \/>\n<meta property=\"article:modified_time\" content=\"2017-12-04T10:47:17+00:00\" \/>\n<meta property=\"og:image\" content=\"https:\/\/sudersand.se\/wp-content\/uploads\/2016\/01\/strandcamping.jpg\" \/>\n<meta name=\"twitter:card\" content=\"summary_large_image\" \/>\n<meta name=\"twitter:label1\" content=\"Gesch\u00e4tzte Lesezeit\" \/>\n\t<meta name=\"twitter:data1\" content=\"6\u00a0Minuten\" \/>\n<script type=\"application\/ld+json\" class=\"yoast-schema-graph\">{\"@context\":\"https:\\\/\\\/schema.org\",\"@graph\":[{\"@type\":\"WebPage\",\"@id\":\"https:\\\/\\\/www.sudersand.se\\\/de\\\/campinghutten\\\/\",\"url\":\"https:\\\/\\\/www.sudersand.se\\\/de\\\/campinghutten\\\/\",\"name\":\"Campingh\u00fctten - Sudersand Resort - din Camping p\u00e5 Gotland\",\"isPartOf\":{\"@id\":\"https:\\\/\\\/www.sudersand.se\\\/#website\"},\"primaryImageOfPage\":{\"@id\":\"https:\\\/\\\/www.sudersand.se\\\/de\\\/campinghutten\\\/#primaryimage\"},\"image\":{\"@id\":\"https:\\\/\\\/www.sudersand.se\\\/de\\\/campinghutten\\\/#primaryimage\"},\"thumbnailUrl\":\"https:\\\/\\\/sudersand.se\\\/wp-content\\\/uploads\\\/2016\\\/01\\\/strandcamping.jpg\",\"datePublished\":\"2016-11-27T19:25:15+00:00\",\"dateModified\":\"2017-12-04T10:47:17+00:00\",\"breadcrumb\":{\"@id\":\"https:\\\/\\\/www.sudersand.se\\\/de\\\/campinghutten\\\/#breadcrumb\"},\"inLanguage\":\"de\",\"potentialAction\":[{\"@type\":\"ReadAction\",\"target\":[\"https:\\\/\\\/www.sudersand.se\\\/de\\\/campinghutten\\\/\"]}]},{\"@type\":\"ImageObject\",\"inLanguage\":\"de\",\"@id\":\"https:\\\/\\\/www.sudersand.se\\\/de\\\/campinghutten\\\/#primaryimage\",\"url\":\"https:\\\/\\\/sudersand.se\\\/wp-content\\\/uploads\\\/2016\\\/01\\\/strandcamping.jpg\",\"contentUrl\":\"https:\\\/\\\/sudersand.se\\\/wp-content\\\/uploads\\\/2016\\\/01\\\/strandcamping.jpg\"},{\"@type\":\"BreadcrumbList\",\"@id\":\"https:\\\/\\\/www.sudersand.se\\\/de\\\/campinghutten\\\/#breadcrumb\",\"itemListElement\":[{\"@type\":\"ListItem\",\"position\":1,\"name\":\"Hem\",\"item\":\"https:\\\/\\\/www.sudersand.se\\\/de\\\/home\\\/\"},{\"@type\":\"ListItem\",\"position\":2,\"name\":\"Campingh\u00fctten\"}]},{\"@type\":\"WebSite\",\"@id\":\"https:\\\/\\\/www.sudersand.se\\\/#website\",\"url\":\"https:\\\/\\\/www.sudersand.se\\\/\",\"name\":\"Sudersand Resort - din Camping p\u00e5 Gotland\",\"description\":\"CAMPING P\u00c5 GOTLAND - Camping &amp; stugor intill sandstranden Sudersand!\",\"potentialAction\":[{\"@type\":\"SearchAction\",\"target\":{\"@type\":\"EntryPoint\",\"urlTemplate\":\"https:\\\/\\\/www.sudersand.se\\\/?s={search_term_string}\"},\"query-input\":{\"@type\":\"PropertyValueSpecification\",\"valueRequired\":true,\"valueName\":\"search_term_string\"}}],\"inLanguage\":\"de\"}]}<\/script>\n<!-- \/ Yoast SEO plugin. -->","yoast_head_json":{"title":"Campingh\u00fctten - Sudersand Resort - din Camping p\u00e5 Gotland","robots":{"index":"index","follow":"follow","max-snippet":"max-snippet:-1","max-image-preview":"max-image-preview:large","max-video-preview":"max-video-preview:-1"},"canonical":"https:\/\/www.sudersand.se\/de\/campinghutten\/","og_locale":"de_DE","og_type":"article","og_title":"Campingh\u00fctten - Sudersand Resort - din Camping p\u00e5 Gotland","og_url":"https:\/\/www.sudersand.se\/de\/campinghutten\/","og_site_name":"Sudersand Resort - din Camping p\u00e5 Gotland","article_publisher":"https:\/\/www.facebook.com\/sudersand.se\/","article_modified_time":"2017-12-04T10:47:17+00:00","og_image":[{"url":"https:\/\/sudersand.se\/wp-content\/uploads\/2016\/01\/strandcamping.jpg","type":"","width":"","height":""}],"twitter_card":"summary_large_image","twitter_misc":{"Gesch\u00e4tzte Lesezeit":"6\u00a0Minuten"},"schema":{"@context":"https:\/\/schema.org","@graph":[{"@type":"WebPage","@id":"https:\/\/www.sudersand.se\/de\/campinghutten\/","url":"https:\/\/www.sudersand.se\/de\/campinghutten\/","name":"Campingh\u00fctten - Sudersand Resort - din Camping p\u00e5 Gotland","isPartOf":{"@id":"https:\/\/www.sudersand.se\/#website"},"primaryImageOfPage":{"@id":"https:\/\/www.sudersand.se\/de\/campinghutten\/#primaryimage"},"image":{"@id":"https:\/\/www.sudersand.se\/de\/campinghutten\/#primaryimage"},"thumbnailUrl":"https:\/\/sudersand.se\/wp-content\/uploads\/2016\/01\/strandcamping.jpg","datePublished":"2016-11-27T19:25:15+00:00","dateModified":"2017-12-04T10:47:17+00:00","breadcrumb":{"@id":"https:\/\/www.sudersand.se\/de\/campinghutten\/#breadcrumb"},"inLanguage":"de","potentialAction":[{"@type":"ReadAction","target":["https:\/\/www.sudersand.se\/de\/campinghutten\/"]}]},{"@type":"ImageObject","inLanguage":"de","@id":"https:\/\/www.sudersand.se\/de\/campinghutten\/#primaryimage","url":"https:\/\/sudersand.se\/wp-content\/uploads\/2016\/01\/strandcamping.jpg","contentUrl":"https:\/\/sudersand.se\/wp-content\/uploads\/2016\/01\/strandcamping.jpg"},{"@type":"BreadcrumbList","@id":"https:\/\/www.sudersand.se\/de\/campinghutten\/#breadcrumb","itemListElement":[{"@type":"ListItem","position":1,"name":"Hem","item":"https:\/\/www.sudersand.se\/de\/home\/"},{"@type":"ListItem","position":2,"name":"Campingh\u00fctten"}]},{"@type":"WebSite","@id":"https:\/\/www.sudersand.se\/#website","url":"https:\/\/www.sudersand.se\/","name":"Sudersand Resort - din Camping p\u00e5 Gotland","description":"CAMPING P\u00c5 GOTLAND - Camping &amp; stugor intill sandstranden Sudersand!","potentialAction":[{"@type":"SearchAction","target":{"@type":"EntryPoint","urlTemplate":"https:\/\/www.sudersand.se\/?s={search_term_string}"},"query-input":{"@type":"PropertyValueSpecification","valueRequired":true,"valueName":"search_term_string"}}],"inLanguage":"de"}]}},"_links":{"self":[{"href":"https:\/\/www.sudersand.se\/de\/wp-json\/wp\/v2\/pages\/2576","targetHints":{"allow":["GET"]}}],"collection":[{"href":"https:\/\/www.sudersand.se\/de\/wp-json\/wp\/v2\/pages"}],"about":[{"href":"https:\/\/www.sudersand.se\/de\/wp-json\/wp\/v2\/types\/page"}],"author":[{"embeddable":true,"href":"https:\/\/www.sudersand.se\/de\/wp-json\/wp\/v2\/users\/2"}],"replies":[{"embeddable":true,"href":"https:\/\/www.sudersand.se\/de\/wp-json\/wp\/v2\/comments?post=2576"}],"version-history":[{"count":26,"href":"https:\/\/www.sudersand.se\/de\/wp-json\/wp\/v2\/pages\/2576\/revisions"}],"predecessor-version":[{"id":18203,"href":"https:\/\/www.sudersand.se\/de\/wp-json\/wp\/v2\/pages\/2576\/revisions\/18203"}],"wp:attachment":[{"href":"https:\/\/www.sudersand.se\/de\/wp-json\/wp\/v2\/media?parent=2576"}],"curies":[{"name":"wp","href":"https:\/\/api.w.org\/{rel}","templated":true}]}}